{"id":1565,"date":"2025-03-16T16:37:46","date_gmt":"2025-03-16T16:37:46","guid":{"rendered":"https:\/\/hispanosunidosporelprogreso.com\/?page_id=1565"},"modified":"2025-03-16T16:48:07","modified_gmt":"2025-03-16T16:48:07","slug":"terminos-condiciones","status":"publish","type":"page","link":"https:\/\/hispanosunidosporelprogreso.com\/en\/terminos-condiciones\/","title":{"rendered":"Terms and Conditions"},"content":{"rendered":"<div data-elementor-type=\"wp-page\" data-elementor-id=\"1565\" class=\"elementor elementor-1565\">\n\t\t\t\t<div class=\"elementor-element elementor-element-badc950 e-flex e-con-boxed e-con e-parent\" data-id=\"badc950\" data-element_type=\"container\" data-e-type=\"container\" data-settings=\"{&quot;background_background&quot;:&quot;classic&quot;}\">\n\t\t\t\t\t<div class=\"e-con-inner\">\n\t\t<div class=\"elementor-element elementor-element-05b938a e-con-full e-flex e-con e-child\" data-id=\"05b938a\" data-element_type=\"container\" data-e-type=\"container\">\n\t\t\t\t<\/div>\n\t\t\t\t\t<\/div>\n\t\t\t\t<\/div>\n\t\t<div class=\"elementor-element elementor-element-2d1bf6c e-flex e-con-boxed e-con e-parent\" data-id=\"2d1bf6c\" data-element_type=\"container\" data-e-type=\"container\">\n\t\t\t\t\t<div class=\"e-con-inner\">\n\t\t\t\t<div class=\"elementor-element elementor-element-fe87d3a elementor-widget elementor-widget-heading\" data-id=\"fe87d3a\" data-element_type=\"widget\" data-e-type=\"widget\" data-widget_type=\"heading.default\">\n\t\t\t\t<div class=\"elementor-widget-container\">\n\t\t\t\t\t<h1 class=\"elementor-heading-title elementor-size-default\">Terms and Conditions<\/h1>\t\t\t\t<\/div>\n\t\t\t\t<\/div>\n\t\t\t\t<div class=\"elementor-element elementor-element-fd8fae5 elementor-widget elementor-widget-text-editor\" data-id=\"fd8fae5\" data-element_type=\"widget\" data-e-type=\"widget\" data-widget_type=\"text-editor.default\">\n\t\t\t\t<div class=\"elementor-widget-container\">\n\t\t\t\t\t\t\t\t\t<p><strong>HISPANOS UNIDOS POR EL PROGRESO<\/strong> pone a disposici\u00f3n de los usuarios de internet un Sitio Web enfocado en el desarrollo personal, fortalecimiento de habilidades, exploraci\u00f3n creativa, expansi\u00f3n del pensamiento, comprensi\u00f3n del universo y acceso al conocimiento espiritual. Esto se lleva a cabo a trav\u00e9s de videos, audios, eventos, clases grabadas y otros recursos.<\/p><h4><strong>DEFINICIONES:<\/strong><\/h4><p><strong>LA EMPRESA:<\/strong> Hace referencia a <strong>HISPANOS UNIDOS POR EL PROGRESO<\/strong>, propietaria del Sitio Web.<\/p><p><strong>USUARIOS:<\/strong> Personas que utilizan los servicios ofrecidos por La Empresa bajo los t\u00e9rminos y condiciones establecidos, sin adquirir derechos de propiedad sobre ella.<\/p><p><strong>CONDICIONES DE SERVICIO:<\/strong> Normas establecidas por La Empresa que regulan el uso de sus servicios y que los usuarios aceptan al acceder a ellos.<\/p><h4><strong>POL\u00cdTICA DE PRIVACIDAD:<\/strong><\/h4><p>Al utilizar nuestros servicios, conf\u00edas parte de tu informaci\u00f3n personal. Apreciamos esta confianza y te invitamos a revisar cuidadosamente nuestras pr\u00e1cticas de privacidad. Ofrecemos herramientas para gestionar tu informaci\u00f3n, proteger tu privacidad y, si lo deseas, eliminar tu cuenta.<br \/>Utilizamos tus datos para mejorar tu experiencia, verificar identidad en pagos, realizar auditor\u00edas de uso, mostrar resultados relevantes y facilitar conexiones con otros usuarios. Si tienes preguntas, no dudes en contactarnos.<\/p><h4><strong>SEGURIDAD DE LOS DATOS:<\/strong><\/h4><p>Nos esforzamos por proteger la informaci\u00f3n contra accesos no autorizados, alteraciones o divulgaci\u00f3n indebida. Utilizamos tecnolog\u00edas de seguridad como el cifrado SSL y revisamos constantemente nuestras pr\u00e1cticas para garantizar la protecci\u00f3n de los datos.<\/p><h4><strong>CUMPLIMIENTO Y COLABORACI\u00d3N CON LAS AUTORIDADES:<\/strong><\/h4><p>Cumplimos marcos regulatorios reconocidos y cooperamos con autoridades para resolver cualquier inquietud relacionada con la transferencia de datos personales.<\/p><h4><strong>MODIFICACIONES:<\/strong><\/h4><p>Nos reservamos el derecho de modificar esta pol\u00edtica en cualquier momento. Las actualizaciones se publicar\u00e1n en nuestro Sitio Web y notificaremos cambios significativos seg\u00fan corresponda.<\/p><h4><strong>TRANSPARENCIA Y ELECCI\u00d3N:<\/strong><\/h4><p>Queremos que tomes decisiones informadas sobre tu privacidad. Puedes gestionar tus datos personales y actividades en nuestra web mediante los controles disponibles.<\/p><h4><strong>ACCESO Y ACTUALIZACI\u00d3N DE DATOS:<\/strong><\/h4><p>Facilitamos el acceso y la correcci\u00f3n de tus datos personales. Aunque eliminemos tus datos, es posible que queden copias residuales en nuestros sistemas de seguridad por razones legales.<\/p><h4><strong>USO DE DATOS PERSONALES:<\/strong><\/h4><p>No compartimos tu informaci\u00f3n personal con terceros, salvo con tu consentimiento expreso o por mandato legal.<\/p><h4><strong>POL\u00cdTICAS DE USO DE AUDIO Y VIDEO:<\/strong><\/h4><p>La informaci\u00f3n impartida por <strong>HISPANOS UNIDOS POR EL PROGRESO,<\/strong> pueden ser grabada en audio y video para fines educativos, promocionales y de formaci\u00f3n. Al participar, otorgas a La Empresa un derecho perpetuo, no revocable y libre de regal\u00edas para grabar, almacenar, editar y distribuir dichas grabaciones.<\/p><p>Si prefieres no aparecer en grabaciones, debes informar al personal antes de cada sesi\u00f3n y asegurarte de no estar en \u00e1reas de captura de imagen.<\/p><h4><strong>RENUNCIA DE DERECHOS:<\/strong><\/h4><p>Al aceptar estos t\u00e9rminos, renuncias a cualquier reclamo relacionado con el uso de grabaciones por parte de La Empresa.<\/p><h4><strong>CONTACTO:<\/strong><\/h4><p>Si tienes preguntas, escr\u00edbenos a <em>hispanosunidosporelprogreso@gmail.com<\/em>.<\/p><p>Gracias por ser parte de nuestra comunidad.<\/p><p><em><strong> \u00a1Esperamos que disfrutes de la experiencia!<\/strong><\/em><\/p>\t\t\t\t\t\t\t\t<\/div>\n\t\t\t\t<\/div>\n\t\t\t\t\t<\/div>\n\t\t\t\t<\/div>\n\t\t\t\t<\/div>","protected":false},"excerpt":{"rendered":"<p>T\u00e9rminos y Condiciones HISPANOS UNIDOS POR EL PROGRESO pone a disposici\u00f3n de los usuarios de internet un Sitio Web enfocado en el desarrollo personal, fortalecimiento de habilidades, exploraci\u00f3n creativa, expansi\u00f3n del pensamiento, comprensi\u00f3n del universo y acceso al conocimiento espiritual. Esto se lleva a cabo a trav\u00e9s de videos, audios, eventos, clases grabadas y otros [&hellip;]<\/p>","protected":false},"author":1,"featured_media":0,"parent":0,"menu_order":0,"comment_status":"closed","ping_status":"closed","template":"","meta":{"site-sidebar-layout":"no-sidebar","site-content-layout":"page-builder","ast-site-content-layout":"default","site-content-style":"default","site-sidebar-style":"default","ast-global-header-display":"","ast-banner-title-visibility":"","ast-main-header-display":"","ast-hfb-above-header-display":"","ast-hfb-below-header-display":"","ast-hfb-mobile-header-display":"","site-post-title":"disabled","ast-breadcrumbs-content":"","ast-featured-img":"","footer-sml-layout":"","ast-disable-related-posts":"","theme-transparent-header-meta":"enabled","adv-header-id-meta":"","stick-header-meta":"","header-above-stick-meta":"","header-main-stick-meta":"","header-below-stick-meta":"","astra-migrate-meta-layouts":"default","ast-page-background-enabled":"default","ast-page-background-meta":{"desktop":{"background-color":"","background-image":"","background-repeat":"repeat","background-position":"center center","background-size":"auto","background-attachment":"scroll","background-type":"","background-media":"","overlay-type":"","overlay-color":"","overlay-opacity":"","overlay-gradient":""},"tablet":{"background-color":"","background-image":"","background-repeat":"repeat","background-position":"center center","background-size":"auto","background-attachment":"scroll","background-type":"","background-media":"","overlay-type":"","overlay-color":"","overlay-opacity":"","overlay-gradient":""},"mobile":{"background-color":"","background-image":"","background-repeat":"repeat","background-position":"center center","background-size":"auto","background-attachment":"scroll","background-type":"","background-media":"","overlay-type":"","overlay-color":"","overlay-opacity":"","overlay-gradient":""}},"ast-content-background-meta":{"desktop":{"background-color":"var(--ast-global-color-5)","background-image":"","background-repeat":"repeat","background-position":"center center","background-size":"auto","background-attachment":"scroll","background-type":"","background-media":"","overlay-type":"","overlay-color":"","overlay-opacity":"","overlay-gradient":""},"tablet":{"background-color":"var(--ast-global-color-5)","background-image":"","background-repeat":"repeat","background-position":"center center","background-size":"auto","background-attachment":"scroll","background-type":"","background-media":"","overlay-type":"","overlay-color":"","overlay-opacity":"","overlay-gradient":""},"mobile":{"background-color":"var(--ast-global-color-5)","background-image":"","background-repeat":"repeat","background-position":"center center","background-size":"auto","background-attachment":"scroll","background-type":"","background-media":"","overlay-type":"","overlay-color":"","overlay-opacity":"","overlay-gradient":""}},"_joinchat":[],"footnotes":""},"class_list":["post-1565","page","type-page","status-publish","hentry"],"yoast_head":"<!-- This site is optimized with the Yoast SEO plugin v24.6 - https:\/\/yoast.com\/wordpress\/plugins\/seo\/ -->\n<title>T\u00e9rminos y Condiciones - Hispanos Unidos por el Progreso<\/title>\n<meta name=\"description\" content=\"Nuestra asociaci\u00f3n naci\u00f3 del deseo profundo de hacer una diferencia en la vida de aquellos que se sienten olvidados, especialmente dentro de la comunidad hispana en San Antonio y en Guatemala.\" \/>\n<meta name=\"robots\" content=\"noindex, nofollow\" \/>\n<meta property=\"og:locale\" content=\"en_US\" \/>\n<meta property=\"og:type\" content=\"article\" \/>\n<meta property=\"og:title\" content=\"Hispanos Unidos por el Progreso\" \/>\n<meta property=\"og:description\" content=\"Nuestra asociaci\u00f3n naci\u00f3 del deseo profundo de hacer una diferencia en la vida de aquellos que se sienten olvidados, especialmente dentro de la comunidad hispana en San Antonio y en Guatemala.\" \/>\n<meta property=\"og:url\" content=\"https:\/\/hispanosunidosporelprogreso.com\/en\/terminos-condiciones\/\" \/>\n<meta property=\"og:site_name\" content=\"Hispanos Unidos por el Progreso\" \/>\n<meta property=\"article:modified_time\" content=\"2025-03-16T16:48:07+00:00\" \/>\n<meta property=\"og:image\" content=\"https:\/\/hispanosunidosporelprogreso.com\/wp-content\/uploads\/2025\/02\/cropped-logo_hispanos_textos.png\" \/>\n\t<meta property=\"og:image:width\" content=\"512\" \/>\n\t<meta property=\"og:image:height\" content=\"512\" \/>\n\t<meta property=\"og:image:type\" content=\"image\/png\" \/>\n<meta name=\"twitter:card\" content=\"summary_large_image\" \/>\n<meta name=\"twitter:label1\" content=\"Est. reading time\" \/>\n\t<meta name=\"twitter:data1\" content=\"3 minutes\" \/>\n<script type=\"application\/ld+json\" class=\"yoast-schema-graph\">{\"@context\":\"https:\/\/schema.org\",\"@graph\":[{\"@type\":\"WebPage\",\"@id\":\"https:\/\/hispanosunidosporelprogreso.com\/en\/terminos-condiciones\/\",\"url\":\"https:\/\/hispanosunidosporelprogreso.com\/en\/terminos-condiciones\/\",\"name\":\"T\u00e9rminos y Condiciones - Hispanos Unidos por el Progreso\",\"isPartOf\":{\"@id\":\"https:\/\/hispanosunidosporelprogreso.com\/en\/#website\"},\"datePublished\":\"2025-03-16T16:37:46+00:00\",\"dateModified\":\"2025-03-16T16:48:07+00:00\",\"description\":\"Nuestra asociaci\u00f3n naci\u00f3 del deseo profundo de hacer una diferencia en la vida de aquellos que se sienten olvidados, especialmente dentro de la comunidad hispana en San Antonio y en Guatemala.\",\"breadcrumb\":{\"@id\":\"https:\/\/hispanosunidosporelprogreso.com\/en\/terminos-condiciones\/#breadcrumb\"},\"inLanguage\":\"en-US\",\"potentialAction\":[{\"@type\":\"ReadAction\",\"target\":[\"https:\/\/hispanosunidosporelprogreso.com\/en\/terminos-condiciones\/\"]}]},{\"@type\":\"BreadcrumbList\",\"@id\":\"https:\/\/hispanosunidosporelprogreso.com\/en\/terminos-condiciones\/#breadcrumb\",\"itemListElement\":[{\"@type\":\"ListItem\",\"position\":1,\"name\":\"Home\",\"item\":\"https:\/\/www.hispanosunidosporelprogreso.com\/en\/\"},{\"@type\":\"ListItem\",\"position\":2,\"name\":\"T\u00e9rminos y Condiciones\"}]},{\"@type\":\"WebSite\",\"@id\":\"https:\/\/hispanosunidosporelprogreso.com\/en\/#website\",\"url\":\"https:\/\/hispanosunidosporelprogreso.com\/en\/\",\"name\":\"Hispanos Unidos Por el Progreso\",\"description\":\"hispanos unidos por el progreso\",\"publisher\":{\"@id\":\"https:\/\/hispanosunidosporelprogreso.com\/en\/#organization\"},\"potentialAction\":[{\"@type\":\"SearchAction\",\"target\":{\"@type\":\"EntryPoint\",\"urlTemplate\":\"https:\/\/hispanosunidosporelprogreso.com\/en\/?s={search_term_string}\"},\"query-input\":{\"@type\":\"PropertyValueSpecification\",\"valueRequired\":true,\"valueName\":\"search_term_string\"}}],\"inLanguage\":\"en-US\"},{\"@type\":\"Organization\",\"@id\":\"https:\/\/hispanosunidosporelprogreso.com\/en\/#organization\",\"name\":\"Hispanos Unidos Por el Progreso\",\"url\":\"https:\/\/hispanosunidosporelprogreso.com\/en\/\",\"logo\":{\"@type\":\"ImageObject\",\"inLanguage\":\"en-US\",\"@id\":\"https:\/\/hispanosunidosporelprogreso.com\/en\/#\/schema\/logo\/image\/\",\"url\":\"https:\/\/hispanosunidosporelprogreso.com\/wp-content\/uploads\/2025\/02\/logo_hispanos_textos.png\",\"contentUrl\":\"https:\/\/hispanosunidosporelprogreso.com\/wp-content\/uploads\/2025\/02\/logo_hispanos_textos.png\",\"width\":2400,\"height\":720,\"caption\":\"Hispanos Unidos Por el Progreso\"},\"image\":{\"@id\":\"https:\/\/hispanosunidosporelprogreso.com\/en\/#\/schema\/logo\/image\/\"}}]}<\/script>\n<!-- \/ Yoast SEO plugin. -->","yoast_head_json":{"title":"T\u00e9rminos y Condiciones - Hispanos Unidos por el Progreso","description":"Nuestra asociaci\u00f3n naci\u00f3 del deseo profundo de hacer una diferencia en la vida de aquellos que se sienten olvidados, especialmente dentro de la comunidad hispana en San Antonio y en Guatemala.","robots":{"index":"noindex","follow":"nofollow"},"og_locale":"en_US","og_type":"article","og_title":"Hispanos Unidos por el Progreso","og_description":"Nuestra asociaci\u00f3n naci\u00f3 del deseo profundo de hacer una diferencia en la vida de aquellos que se sienten olvidados, especialmente dentro de la comunidad hispana en San Antonio y en Guatemala.","og_url":"https:\/\/hispanosunidosporelprogreso.com\/en\/terminos-condiciones\/","og_site_name":"Hispanos Unidos por el Progreso","article_modified_time":"2025-03-16T16:48:07+00:00","og_image":[{"width":512,"height":512,"url":"https:\/\/hispanosunidosporelprogreso.com\/wp-content\/uploads\/2025\/02\/cropped-logo_hispanos_textos.png","type":"image\/png"}],"twitter_card":"summary_large_image","twitter_misc":{"Est. reading time":"3 minutes"},"schema":{"@context":"https:\/\/schema.org","@graph":[{"@type":"WebPage","@id":"https:\/\/hispanosunidosporelprogreso.com\/en\/terminos-condiciones\/","url":"https:\/\/hispanosunidosporelprogreso.com\/en\/terminos-condiciones\/","name":"T\u00e9rminos y Condiciones - Hispanos Unidos por el Progreso","isPartOf":{"@id":"https:\/\/hispanosunidosporelprogreso.com\/en\/#website"},"datePublished":"2025-03-16T16:37:46+00:00","dateModified":"2025-03-16T16:48:07+00:00","description":"Nuestra asociaci\u00f3n naci\u00f3 del deseo profundo de hacer una diferencia en la vida de aquellos que se sienten olvidados, especialmente dentro de la comunidad hispana en San Antonio y en Guatemala.","breadcrumb":{"@id":"https:\/\/hispanosunidosporelprogreso.com\/en\/terminos-condiciones\/#breadcrumb"},"inLanguage":"en-US","potentialAction":[{"@type":"ReadAction","target":["https:\/\/hispanosunidosporelprogreso.com\/en\/terminos-condiciones\/"]}]},{"@type":"BreadcrumbList","@id":"https:\/\/hispanosunidosporelprogreso.com\/en\/terminos-condiciones\/#breadcrumb","itemListElement":[{"@type":"ListItem","position":1,"name":"Home","item":"https:\/\/www.hispanosunidosporelprogreso.com\/en\/"},{"@type":"ListItem","position":2,"name":"T\u00e9rminos y Condiciones"}]},{"@type":"WebSite","@id":"https:\/\/hispanosunidosporelprogreso.com\/en\/#website","url":"https:\/\/hispanosunidosporelprogreso.com\/en\/","name":"Hispanos Unidos Por el Progreso","description":"hispanos unidos por el progreso","publisher":{"@id":"https:\/\/hispanosunidosporelprogreso.com\/en\/#organization"},"potentialAction":[{"@type":"SearchAction","target":{"@type":"EntryPoint","urlTemplate":"https:\/\/hispanosunidosporelprogreso.com\/en\/?s={search_term_string}"},"query-input":{"@type":"PropertyValueSpecification","valueRequired":true,"valueName":"search_term_string"}}],"inLanguage":"en-US"},{"@type":"Organization","@id":"https:\/\/hispanosunidosporelprogreso.com\/en\/#organization","name":"Hispanos Unidos Por el Progreso","url":"https:\/\/hispanosunidosporelprogreso.com\/en\/","logo":{"@type":"ImageObject","inLanguage":"en-US","@id":"https:\/\/hispanosunidosporelprogreso.com\/en\/#\/schema\/logo\/image\/","url":"https:\/\/hispanosunidosporelprogreso.com\/wp-content\/uploads\/2025\/02\/logo_hispanos_textos.png","contentUrl":"https:\/\/hispanosunidosporelprogreso.com\/wp-content\/uploads\/2025\/02\/logo_hispanos_textos.png","width":2400,"height":720,"caption":"Hispanos Unidos Por el Progreso"},"image":{"@id":"https:\/\/hispanosunidosporelprogreso.com\/en\/#\/schema\/logo\/image\/"}}]}},"_links":{"self":[{"href":"https:\/\/hispanosunidosporelprogreso.com\/en\/wp-json\/wp\/v2\/pages\/1565","targetHints":{"allow":["GET"]}}],"collection":[{"href":"https:\/\/hispanosunidosporelprogreso.com\/en\/wp-json\/wp\/v2\/pages"}],"about":[{"href":"https:\/\/hispanosunidosporelprogreso.com\/en\/wp-json\/wp\/v2\/types\/page"}],"author":[{"embeddable":true,"href":"https:\/\/hispanosunidosporelprogreso.com\/en\/wp-json\/wp\/v2\/users\/1"}],"replies":[{"embeddable":true,"href":"https:\/\/hispanosunidosporelprogreso.com\/en\/wp-json\/wp\/v2\/comments?post=1565"}],"version-history":[{"count":11,"href":"https:\/\/hispanosunidosporelprogreso.com\/en\/wp-json\/wp\/v2\/pages\/1565\/revisions"}],"predecessor-version":[{"id":1578,"href":"https:\/\/hispanosunidosporelprogreso.com\/en\/wp-json\/wp\/v2\/pages\/1565\/revisions\/1578"}],"wp:attachment":[{"href":"https:\/\/hispanosunidosporelprogreso.com\/en\/wp-json\/wp\/v2\/media?parent=1565"}],"curies":[{"name":"wp","href":"https:\/\/api.w.org\/{rel}","templated":true}]}}